{"id":1051,"date":"2025-01-04T11:10:36","date_gmt":"2025-01-04T11:10:36","guid":{"rendered":"https:\/\/cdf.mydigitalmarketer.be\/?page_id=1051"},"modified":"2025-01-17T08:16:06","modified_gmt":"2025-01-17T08:16:06","slug":"le-gite-retro","status":"publish","type":"page","link":"https:\/\/www.gite-coeurdeferme.be\/nl\/le-gite-retro\/","title":{"rendered":"G\u00eete R\u00e9tro"},"content":{"rendered":"<div class=\"wp-block-cover alignfull\" style=\"min-height:800px;aspect-ratio:unset;\"><span aria-hidden=\"true\" class=\"wp-block-cover__background has-nv-dark-bg-background-color has-background-dim\"><\/span><img loading=\"lazy\" decoding=\"async\" width=\"1440\" height=\"1920\" class=\"wp-block-cover__image-background wp-image-894\" alt=\"\" src=\"https:\/\/cdf.mydigitalmarketer.be\/wp-content\/uploads\/2024\/12\/retro-location-gite-houyet-namur13.jpg\" data-object-fit=\"cover\" srcset=\"https:\/\/www.gite-coeurdeferme.be\/wp-content\/uploads\/2024\/12\/retro-location-gite-houyet-namur13.jpg 1440w, https:\/\/www.gite-coeurdeferme.be\/wp-content\/uploads\/2024\/12\/retro-location-gite-houyet-namur13-225x300.jpg 225w, https:\/\/www.gite-coeurdeferme.be\/wp-content\/uploads\/2024\/12\/retro-location-gite-houyet-namur13-768x1024.jpg 768w, https:\/\/www.gite-coeurdeferme.be\/wp-content\/uploads\/2024\/12\/retro-location-gite-houyet-namur13-1152x1536.jpg 1152w\" sizes=\"auto, (max-width: 1440px) 100vw, 1440px\" \/><div class=\"wp-block-cover__inner-container is-layout-flow wp-block-cover-is-layout-flow\">\n<h2 class=\"wp-block-heading alignwide has-text-align-right has-nv-site-bg-color has-text-color\" style=\"font-size:64px\">G\u00eete R\u00e9tro<\/h2>\n\n\n\n<div class=\"wp-block-columns alignwide is-layout-flex wp-container-core-columns-is-layout-9d6595d7 wp-block-columns-is-layout-flex\">\n<div class=\"wp-block-column is-vertically-aligned-center is-layout-flow wp-block-column-is-layout-flow\"><\/div>\n\n\n\n<div class=\"wp-block-column is-layout-flow wp-block-column-is-layout-flow\" style=\"flex-basis:55%\">\n<div style=\"height:26px\" aria-hidden=\"true\" class=\"wp-block-spacer\"><\/div>\n\n\n\n<p class=\"has-nv-site-bg-color has-text-color has-medium-font-size translation-block\" style=\"line-height:1.3\">De R\u00e9tro g\u00eete, perfect voor twee personen, verwelkomt je in een gezellige, elegante sfeer. Sa d\u00e9coration soign\u00e9e et de bon go\u00fbt cr\u00e9e un cadre chaleureux et apaisant, propice \u00e0 la d\u00e9tente. Une adresse id\u00e9ale pour une escapade en duo, alliant confort et tranquillit\u00e9.<\/p>\n<\/div>\n<\/div>\n\n\n\n<div class=\"wp-block-columns alignwide is-layout-flex wp-container-core-columns-is-layout-9d6595d7 wp-block-columns-is-layout-flex\">\n<div class=\"wp-block-column is-vertically-aligned-center is-layout-flow wp-block-column-is-layout-flow\"><\/div>\n<\/div>\n<\/div><\/div>\n\n\n\n<div id=\"wp-block-themeisle-blocks-advanced-columns-c00aadba\" class=\"wp-block-themeisle-blocks-advanced-columns alignfull has-3-columns has-desktop-equal-layout has-tablet-equal-layout has-mobile-collapsedRows-layout has-vertical-center ticss-c00aadba animated fadeIn\"><div class=\"wp-block-themeisle-blocks-advanced-columns-overlay\"><\/div><div class=\"innerblocks-wrap\">\n<div id=\"wp-block-themeisle-blocks-advanced-column-41c8770c\" class=\"wp-block-themeisle-blocks-advanced-column\">\n<div id=\"wp-block-themeisle-blocks-font-awesome-icons-01c38fbd\" class=\"wp-block-themeisle-blocks-font-awesome-icons\"><span class=\"wp-block-themeisle-blocks-font-awesome-icons-container\"><i class=\"fas fa-male\"><\/i><\/span><\/div>\n\n\n\n<p id=\"wp-block-themeisle-blocks-advanced-heading-d3f7e3db\" class=\"wp-block-themeisle-blocks-advanced-heading wp-block-themeisle-blocks-advanced-heading-d3f7e3db\"><strong>2<\/strong><\/p>\n<\/div>\n\n\n\n<div id=\"wp-block-themeisle-blocks-advanced-column-626e69f2\" class=\"wp-block-themeisle-blocks-advanced-column\">\n<div id=\"wp-block-themeisle-blocks-font-awesome-icons-1bc926ee\" class=\"wp-block-themeisle-blocks-font-awesome-icons\"><span class=\"wp-block-themeisle-blocks-font-awesome-icons-container\"><i class=\"fas fa-bed\"><\/i><\/span><\/div>\n\n\n\n<p id=\"wp-block-themeisle-blocks-advanced-heading-82739af7\" class=\"wp-block-themeisle-blocks-advanced-heading wp-block-themeisle-blocks-advanced-heading-82739af7\"><strong>1<\/strong><\/p>\n<\/div>\n\n\n\n<div id=\"wp-block-themeisle-blocks-advanced-column-ee326b49\" class=\"wp-block-themeisle-blocks-advanced-column\">\n<div id=\"wp-block-themeisle-blocks-font-awesome-icons-23bad021\" class=\"wp-block-themeisle-blocks-font-awesome-icons\"><span class=\"wp-block-themeisle-blocks-font-awesome-icons-container\"><i class=\"fas fa-bath\"><\/i><\/span><\/div>\n\n\n\n<p id=\"wp-block-themeisle-blocks-advanced-heading-62f66c46\" class=\"wp-block-themeisle-blocks-advanced-heading wp-block-themeisle-blocks-advanced-heading-62f66c46\"><strong>1<\/strong><\/p>\n<\/div>\n<\/div><\/div>\n\n\n\n<div class=\"wp-block-columns alignfull are-vertically-aligned-center animated fadeInUp has-neve-text-color-color has-nv-c-2-background-color has-text-color has-background has-link-color wp-elements-4e4a971bd90cba4e544eac5f554a6a15 is-layout-flex wp-container-core-columns-is-layout-b815d019 wp-block-columns-is-layout-flex\" style=\"padding-right:var(--wp--preset--spacing--80);padding-left:var(--wp--preset--spacing--80)\">\n<div class=\"wp-block-column is-vertically-aligned-center is-layout-flow wp-block-column-is-layout-flow\" style=\"padding-top:var(--wp--preset--spacing--40);padding-bottom:var(--wp--preset--spacing--40);flex-basis:35%\">\n<h2 class=\"wp-block-heading has-large-font-size\">WOONRUIMTE<\/h2>\n\n\n\n<p class=\"has-neve-text-color-color has-text-color has-link-color wp-elements-9399546cf9a29618384fcaa792eff6c4 translation-block\">Binnen in de G\u00eete R\u00e9tro is aan alles gedacht voor je comfort. Een warme, verfijnde ruimte, waar elk detail bijdraagt aan een gezellige sfeer. Tussen de knusse slaapkamer, de gezellige zithoek en de goed uitgeruste keuken voel je je meteen thuis, in een omgeving die zowel modern als rustgevend is.<\/p>\n<\/div>\n\n\n\n<div class=\"wp-block-column is-vertically-aligned-center is-layout-flow wp-block-column-is-layout-flow\" style=\"flex-basis:65%\">\n<div id=\"wp-block-themeisle-blocks-slider-e194ca74\" class=\"wp-block-themeisle-blocks-slider glide\" data-per-view=\"1\" data-gap=\"0\" data-peek=\"0\" data-autoplay=\"true\" data-height=\"400px\" data-hide-arrows=\"false\"><div class=\"glide__track\" data-glide-el=\"track\"><div class=\"glide__slides\"><div class=\"wp-block-themeisle-blocks-slider-item-wrapper glide__slide\" tabindex=\"0\"><figure><img decoding=\"async\" class=\"wp-block-themeisle-blocks-slider-item\" src=\"https:\/\/cdf.mydigitalmarketer.be\/wp-content\/uploads\/2024\/12\/retro-location-gite-houyet-namur4.jpg\" alt=\"\" title=\"\" data-id=\"885\"\/><\/figure><\/div><div class=\"wp-block-themeisle-blocks-slider-item-wrapper glide__slide\" tabindex=\"0\"><figure><img decoding=\"async\" class=\"wp-block-themeisle-blocks-slider-item\" src=\"https:\/\/cdf.mydigitalmarketer.be\/wp-content\/uploads\/2024\/12\/retro-location-gite-houyet-namur3.jpg\" alt=\"\" title=\"\" data-id=\"884\"\/><\/figure><\/div><div class=\"wp-block-themeisle-blocks-slider-item-wrapper glide__slide\" tabindex=\"0\"><figure><img decoding=\"async\" class=\"wp-block-themeisle-blocks-slider-item\" src=\"https:\/\/cdf.mydigitalmarketer.be\/wp-content\/uploads\/2024\/12\/retro-location-gite-houyet-namur1.jpg\" alt=\"\" title=\"\" data-id=\"882\"\/><\/figure><\/div><div class=\"wp-block-themeisle-blocks-slider-item-wrapper glide__slide\" tabindex=\"0\"><figure><img decoding=\"async\" class=\"wp-block-themeisle-blocks-slider-item\" src=\"https:\/\/cdf.mydigitalmarketer.be\/wp-content\/uploads\/2024\/12\/retro-location-gite-houyet-namur9.jpg\" alt=\"\" title=\"\" data-id=\"890\"\/><\/figure><\/div><div class=\"wp-block-themeisle-blocks-slider-item-wrapper glide__slide\" tabindex=\"0\"><figure><img decoding=\"async\" class=\"wp-block-themeisle-blocks-slider-item\" src=\"https:\/\/cdf.mydigitalmarketer.be\/wp-content\/uploads\/2024\/12\/retro-location-gite-houyet-namur10.jpg\" alt=\"\" title=\"\" data-id=\"891\"\/><\/figure><\/div><\/div><\/div><\/div>\n<\/div>\n<\/div>\n\n\n\n<div style=\"height:44px\" aria-hidden=\"true\" class=\"wp-block-spacer\"><\/div>\n\n\n\n<div class=\"wp-block-columns alignfull animated fadeInUp has-nv-light-bg-background-color has-background is-layout-flex wp-container-core-columns-is-layout-b815d019 wp-block-columns-is-layout-flex\" style=\"padding-right:var(--wp--preset--spacing--80);padding-left:var(--wp--preset--spacing--80)\">\n<div class=\"wp-block-column is-vertically-aligned-center is-layout-flow wp-block-column-is-layout-flow\" style=\"flex-basis:65%\">\n<div id=\"wp-block-themeisle-blocks-slider-555ed1ae\" class=\"wp-block-themeisle-blocks-slider glide\" data-per-view=\"1\" data-gap=\"0\" data-peek=\"0\" data-autoplay=\"true\" data-height=\"400px\" data-hide-arrows=\"false\"><div class=\"glide__track\" data-glide-el=\"track\"><div class=\"glide__slides\"><div class=\"wp-block-themeisle-blocks-slider-item-wrapper glide__slide\" tabindex=\"0\"><figure><img decoding=\"async\" class=\"wp-block-themeisle-blocks-slider-item\" src=\"https:\/\/cdf.mydigitalmarketer.be\/wp-content\/uploads\/2024\/12\/retro-location-gite-houyet-namur2-edited.jpg\" alt=\"\" title=\"\" data-id=\"897\"\/><\/figure><\/div><div class=\"wp-block-themeisle-blocks-slider-item-wrapper glide__slide\" tabindex=\"0\"><figure><img decoding=\"async\" class=\"wp-block-themeisle-blocks-slider-item\" src=\"https:\/\/cdf.mydigitalmarketer.be\/wp-content\/uploads\/2024\/12\/retro-location-gite-houyet-namur15.jpg\" alt=\"\" title=\"\" data-id=\"896\"\/><\/figure><\/div><div class=\"wp-block-themeisle-blocks-slider-item-wrapper glide__slide\" tabindex=\"0\"><figure><img decoding=\"async\" class=\"wp-block-themeisle-blocks-slider-item\" src=\"https:\/\/cdf.mydigitalmarketer.be\/wp-content\/uploads\/2024\/12\/retro-location-gite-houyet-namur14.jpg\" alt=\"\" title=\"\" data-id=\"895\"\/><\/figure><\/div><div class=\"wp-block-themeisle-blocks-slider-item-wrapper glide__slide\" tabindex=\"0\"><figure><img decoding=\"async\" class=\"wp-block-themeisle-blocks-slider-item\" src=\"https:\/\/cdf.mydigitalmarketer.be\/wp-content\/uploads\/2024\/12\/retro-location-gite-houyet-namur13.jpg\" alt=\"\" title=\"\" data-id=\"894\"\/><\/figure><\/div><div class=\"wp-block-themeisle-blocks-slider-item-wrapper glide__slide\" tabindex=\"0\"><figure><img decoding=\"async\" class=\"wp-block-themeisle-blocks-slider-item\" src=\"https:\/\/cdf.mydigitalmarketer.be\/wp-content\/uploads\/2024\/12\/retro-location-gite-houyet-namur12.jpg\" alt=\"\" title=\"\" data-id=\"893\"\/><\/figure><\/div><div class=\"wp-block-themeisle-blocks-slider-item-wrapper glide__slide\" tabindex=\"0\"><figure><img decoding=\"async\" class=\"wp-block-themeisle-blocks-slider-item\" src=\"https:\/\/cdf.mydigitalmarketer.be\/wp-content\/uploads\/2024\/12\/retro-location-gite-houyet-namur11.jpg\" alt=\"\" title=\"\" data-id=\"892\"\/><\/figure><\/div><div class=\"wp-block-themeisle-blocks-slider-item-wrapper glide__slide\" tabindex=\"0\"><figure><img decoding=\"async\" class=\"wp-block-themeisle-blocks-slider-item\" src=\"https:\/\/cdf.mydigitalmarketer.be\/wp-content\/uploads\/2024\/12\/retro-location-gite-houyet-namur2.jpg\" alt=\"\" title=\"\" data-id=\"883\"\/><\/figure><\/div><div class=\"wp-block-themeisle-blocks-slider-item-wrapper glide__slide\" tabindex=\"0\"><figure><img decoding=\"async\" class=\"wp-block-themeisle-blocks-slider-item\" src=\"https:\/\/cdf.mydigitalmarketer.be\/wp-content\/uploads\/2024\/12\/retro-location-gite-houyet-namur8.jpg\" alt=\"\" title=\"\" data-id=\"889\"\/><\/figure><\/div><\/div><\/div><\/div>\n<\/div>\n\n\n\n<div class=\"wp-block-column is-vertically-aligned-center is-layout-flow wp-block-column-is-layout-flow\" style=\"padding-top:var(--wp--preset--spacing--40);padding-bottom:var(--wp--preset--spacing--40);flex-basis:35%\">\n<h2 class=\"wp-block-heading has-large-font-size\">RELAXRUIMTES<\/h2>\n\n\n\n<p class=\"has-neve-text-color-color has-text-color has-link-color wp-elements-9ecfd90e65f15138d18fda0696d05f76 translation-block\">Het kleine terras van de g\u00eete R\u00e9tro, genesteld in de rustige binnenplaats, nodigt je uit om te genieten van momenten van ontspanning in de open lucht. Of je nu ontbijt in de zon of 's avonds aperitieft, deze intieme, rustige ruimte is ideaal om volop te genieten van de rust van de omgeving.<\/p>\n<\/div>\n<\/div>\n\n\n\n<div style=\"height:44px\" aria-hidden=\"true\" class=\"wp-block-spacer\"><\/div>\n\n\n\n<div class=\"wp-block-columns alignfull animated fadeInUp has-nv-c-2-background-color has-background is-layout-flex wp-container-core-columns-is-layout-b815d019 wp-block-columns-is-layout-flex\" style=\"padding-right:var(--wp--preset--spacing--80);padding-left:var(--wp--preset--spacing--80)\">\n<div class=\"wp-block-column is-vertically-aligned-center is-layout-flow wp-block-column-is-layout-flow\" style=\"padding-top:var(--wp--preset--spacing--40);padding-bottom:var(--wp--preset--spacing--40);flex-basis:35%\">\n<h2 class=\"wp-block-heading has-large-font-size\">DE KAMER<\/h2>\n\n\n\n<p class=\"has-neve-text-color-color has-text-color has-link-color wp-elements-6e12199ccfe2402a3b03e148d693eaea translation-block\">La chambre du g\u00eete R\u00e9tro vous enveloppe dans une ambiance douce et reposante, parfaite pour des nuits sereines. Avec son lit confortable et sa d\u00e9coration \u00e9l\u00e9gante, elle offre un v\u00e9ritable cocon o\u00f9 il fait bon se ressourcer apr\u00e8s une journ\u00e9e de d\u00e9couverte ou de d\u00e9tente.\n1 chambre : 1\u00d72 pers. (salle de douche + wc)<\/p>\n<\/div>\n\n\n\n<div class=\"wp-block-column is-layout-flow wp-block-column-is-layout-flow\" style=\"flex-basis:65%\">\n<div id=\"wp-block-themeisle-blocks-slider-fba2e614\" class=\"wp-block-themeisle-blocks-slider glide\" data-per-view=\"1\" data-gap=\"0\" data-peek=\"0\" data-autoplay=\"true\" data-height=\"400px\" data-hide-arrows=\"false\"><div class=\"glide__track\" data-glide-el=\"track\"><div class=\"glide__slides\"><div class=\"wp-block-themeisle-blocks-slider-item-wrapper glide__slide\" tabindex=\"0\"><figure><img decoding=\"async\" class=\"wp-block-themeisle-blocks-slider-item\" src=\"https:\/\/cdf.mydigitalmarketer.be\/wp-content\/uploads\/2024\/12\/retro-location-gite-houyet-namur5.jpg\" alt=\"\" title=\"\" data-id=\"886\"\/><\/figure><\/div><div class=\"wp-block-themeisle-blocks-slider-item-wrapper glide__slide\" tabindex=\"0\"><figure><img decoding=\"async\" class=\"wp-block-themeisle-blocks-slider-item\" src=\"https:\/\/cdf.mydigitalmarketer.be\/wp-content\/uploads\/2024\/12\/retro-location-gite-houyet-namur6.jpg\" alt=\"\" title=\"\" data-id=\"887\"\/><\/figure><\/div><div class=\"wp-block-themeisle-blocks-slider-item-wrapper glide__slide\" tabindex=\"0\"><figure><img decoding=\"async\" class=\"wp-block-themeisle-blocks-slider-item\" src=\"https:\/\/cdf.mydigitalmarketer.be\/wp-content\/uploads\/2024\/12\/retro-location-gite-houyet-namur7.jpg\" alt=\"\" title=\"\" data-id=\"888\"\/><\/figure><\/div><\/div><\/div><\/div>\n<\/div>\n<\/div>\n\n\n\n<div style=\"height:44px\" aria-hidden=\"true\" class=\"wp-block-spacer\"><\/div>\n\n\n\n<h2 class=\"wp-block-heading has-text-align-center\">RESERVERING<\/h2>\n\n\n\n\n\n<div id=\"ConstellationCalendarContainere22a0c1a-91cd-495a-abf5-b1613538d6f7\" style=\"width:100%; text-align:center;\" title=\"Coeur de Ferme\" data-id-projet='e22a0c1a91cd495aabf5b1613538d6f7'>Chargement en cours&#8230;<\/div> <script type=\"text\/javascript\" src=\"https:\/\/reservation.elloha.com\/Scripts\/widget-loader.min.js?v=42\"><\/script> <script type=\"text\/javascript\">var constellationWidgetUrle22a0c1a91cd495aabf5b1613538d6f7, constellationTypeModulee22a0c1a91cd495aabf5b1613538d6f7; constellationWidgetUrle22a0c1a91cd495aabf5b1613538d6f7 = 'https:\/\/reservation.elloha.com\/Widget\/BookingCalendar\/e22a0c1a-91cd-495a-abf5-b1613538d6f7?idoi=8b7a738e-438d-475e-80de-ba638755c48a&culture=NL'; constellationTypeModulee22a0c1a91cd495aabf5b1613538d6f7=2; constellationBookingCalendarLoad('ConstellationCalendarContainere22a0c1a-91cd-495a-abf5-b1613538d6f7'); constellationWidgetAddEvent(window, \"resize\", function () { constellationWidgetSetAppearance('ConstellationCalendarContainere22a0c1a-91cd-495a-abf5-b1613538d6f7'); });<\/script>\n\n\n\n<div style=\"height:44px\" aria-hidden=\"true\" class=\"wp-block-spacer\"><\/div>\n\n\n\n\n\n<div id=\"ConstellationWidgetContainerba140892-c10b-4954-88b8-6d7ff272ee26\" style=\"width:100%\" title=\"Coeur de Ferme\" data-id-projet='ba140892c10b495488b86d7ff272ee26'>Chargement en cours&#8230;<\/div> <script type=\"text\/javascript\" src=\"https:\/\/reservation.elloha.com\/Scripts\/widget-loader.min.js?v=42\"><\/script> <script type=\"text\/javascript\">var constellationWidgetUrlba140892c10b495488b86d7ff272ee26, constellationTypeModuleba140892c10b495488b86d7ff272ee26; constellationWidgetUrlba140892c10b495488b86d7ff272ee26 = 'https:\/\/reservation.elloha.com\/Widget\/BookingEngine\/ba140892-c10b-4954-88b8-6d7ff272ee26?idoi=8b7a738e-438d-475e-80de-ba638755c48a&culture=NL'; constellationTypeModuleba140892c10b495488b86d7ff272ee26=1; constellationWidgetLoad('ConstellationWidgetContainerba140892-c10b-4954-88b8-6d7ff272ee26'); constellationWidgetAddEvent(window, \"resize\", function () { constellationWidgetSetAppearance('ConstellationWidgetContainerba140892-c10b-4954-88b8-6d7ff272ee26'); });<\/script>\n\n\n\n<div style=\"height:44px\" aria-hidden=\"true\" class=\"wp-block-spacer\"><\/div>\n\n\n\n<div id=\"wp-block-themeisle-blocks-advanced-columns-dd9ebb24\" class=\"wp-block-themeisle-blocks-advanced-columns alignfull has-1-columns has-desktop-equal-layout has-tablet-equal-layout has-mobile-equal-layout has-vertical-unset\"><div class=\"wp-block-themeisle-blocks-advanced-columns-overlay\"><\/div><div class=\"innerblocks-wrap\">\n<div id=\"wp-block-themeisle-blocks-advanced-column-2e5efa90\" class=\"wp-block-themeisle-blocks-advanced-column\">\n<h3 class=\"wp-block-heading has-text-align-center has-neve-link-color-color has-text-color has-link-color wp-elements-e77334fc914c1dbe6e273e53dc20e6ed\">EEN VRAAG?<\/h3>\n\n\n\n<div class=\"wp-block-columns alignwide is-layout-flex wp-container-core-columns-is-layout-9d6595d7 wp-block-columns-is-layout-flex\">\n<div class=\"wp-block-column is-layout-flow wp-block-column-is-layout-flow\">\n<iframe src=\"https:\/\/www.google.com\/maps\/embed?pb=!1m18!1m12!1m3!1d2552.410674172802!2d5.0066912!3d50.228232299999995!2m3!1f0!2f0!3f0!3m2!1i1024!2i768!4f13.1!3m3!1m2!1s0x47c1c75396c112d9%3A0x94ee7ec47191cbf6!2sGite%20Coeur%20de%20ferme!5e0!3m2!1sfr!2sbe!4v1735398132087!5m2!1sfr!2sbe\" width=\"600\" height=\"450\" style=\"border:0;\" allowfullscreen=\"\" loading=\"lazy\" referrerpolicy=\"no-referrer-when-downgrade\"><\/iframe>\n<\/div>\n\n\n\n<div class=\"wp-block-column is-layout-flow wp-block-column-is-layout-flow\">\n<h2 class=\"wp-block-heading alignwide has-text-align-center has-neve-link-color-color has-text-color\" style=\"font-size:64px\">Contacteer ons<\/h2>\n\n\n<style id=\"wpforms-css-vars-477-block-768c752c-edc3-49c5-8171-b6c403b2a08d\">\n\t\t\t\t#wpforms-477.wpforms-block-768c752c-edc3-49c5-8171-b6c403b2a08d {\n\t\t\t\t--wpforms-label-color: #262626;\n--wpforms-label-sublabel-color: #7f7f7f;\n--wpforms-label-error-color: #ff0000;\n--wpforms-page-break-color: #dddddd;\n--wpforms-field-border-radius: 0px;\n--wpforms-field-border-color: #cccccc;\n--wpforms-field-border-color-spare: #cccccc;\n--wpforms-field-text-color: var(--nv-text-color);\n--wpforms-field-menu-color: var(--nv-primary-accent);\n--wpforms-button-border-style: solid;\n--wpforms-button-border-size: 10px;\n--wpforms-button-border-radius: 0px;\n--wpforms-button-background-color: var(--nv-primary-accent);\n--wpforms-button-text-color: var(--nv-site-bg);\n--wpforms-button-border-color: #cccccc00;\n--wpforms-field-size-input-height: 43px;\n--wpforms-field-size-input-spacing: 15px;\n--wpforms-field-size-font-size: 16px;\n--wpforms-field-size-line-height: 19px;\n--wpforms-field-size-padding-h: 14px;\n--wpforms-field-size-checkbox-size: 16px;\n--wpforms-field-size-sublabel-spacing: 5px;\n--wpforms-field-size-icon-size: 1;\n--wpforms-label-size-font-size: 14px;\n--wpforms-label-size-line-height: 17px;\n--wpforms-label-size-sublabel-font-size: 13px;\n--wpforms-label-size-sublabel-line-height: 16px;\n--wpforms-button-size-font-size: 20px;\n--wpforms-button-size-height: 48px;\n--wpforms-button-size-padding-h: 20px;\n--wpforms-button-size-margin-top: 15px;\n\t\t\t}\n\t\t\t<\/style><div class=\"wpforms-container wpforms-container-full wpforms-block wpforms-block-768c752c-edc3-49c5-8171-b6c403b2a08d wpforms-render-modern\" id=\"wpforms-477\"><form id=\"wpforms-form-477\" class=\"wpforms-validate wpforms-form wpforms-ajax-form\" data-formid=\"477\" method=\"post\" enctype=\"multipart\/form-data\" action=\"\/nl\/wp-json\/wp\/v2\/pages\/1051\" data-token=\"09750bec5ba20ebccbb815add6469d94\" data-token-time=\"1777997728\" data-trp-original-action=\"\/nl\/wp-json\/wp\/v2\/pages\/1051\"><noscript class=\"wpforms-error-noscript\">Schakel JavaScript in je browser in om dit formulier in te vullen.<\/noscript><div id=\"wpforms-error-noscript\" style=\"display: none;\">Schakel JavaScript in je browser in om dit formulier in te vullen.<\/div><div class=\"wpforms-field-container\"><div id=\"wpforms-477-field_0-container\" class=\"wpforms-field wpforms-field-name\" data-field-id=\"0\"><fieldset><legend class=\"wpforms-field-label wpforms-label-hide\" aria-hidden=\"false\">Naam <span class=\"wpforms-required-label\" aria-hidden=\"true\">*<\/span><\/legend><div class=\"wpforms-field-row wpforms-field-large\"><div class=\"wpforms-field-row-block wpforms-first wpforms-one-half\"><input type=\"text\" id=\"wpforms-477-field_0\" class=\"wpforms-field-name-first wpforms-field-required\" name=\"wpforms[fields][0][first]\" placeholder=\"Voornaam\" aria-errormessage=\"wpforms-477-field_0-error\" required><label for=\"wpforms-477-field_0\" class=\"wpforms-field-sublabel after wpforms-sublabel-hide\">Voornaam<\/label><\/div><div class=\"wpforms-field-row-block wpforms-one-half\"><input type=\"text\" id=\"wpforms-477-field_0-last\" class=\"wpforms-field-name-last wpforms-field-required\" name=\"wpforms[fields][0][last]\" placeholder=\"Naam\" aria-errormessage=\"wpforms-477-field_0-last-error\" required><label for=\"wpforms-477-field_0-last\" class=\"wpforms-field-sublabel after wpforms-sublabel-hide\">Achternaam<\/label><\/div><\/div><\/fieldset><\/div><div id=\"wpforms-477-field_1-container\" class=\"wpforms-field wpforms-field-email\" data-field-id=\"1\"><label class=\"wpforms-field-label wpforms-label-hide\" for=\"wpforms-477-field_1\" aria-hidden=\"false\">E-mail <span class=\"wpforms-required-label\" aria-hidden=\"true\">*<\/span><\/label><input type=\"email\" id=\"wpforms-477-field_1\" class=\"wpforms-field-large wpforms-field-required\" name=\"wpforms[fields][1]\" placeholder=\"E-mail\" spellcheck=\"false\" aria-errormessage=\"wpforms-477-field_1-error\" required><\/div><div id=\"wpforms-477-field_2-container\" class=\"wpforms-field wpforms-field-textarea\" data-field-id=\"2\"><label class=\"wpforms-field-label wpforms-label-hide\" for=\"wpforms-477-field_2\" aria-hidden=\"false\">Aanvraag<\/label><textarea id=\"wpforms-477-field_2\" class=\"wpforms-field-medium\" name=\"wpforms[fields][2]\" placeholder=\"Aanvraag\" aria-errormessage=\"wpforms-477-field_2-error\" ><\/textarea><\/div><\/div><!-- .wpforms-field-container --><div class=\"wpforms-submit-container\" ><input type=\"hidden\" name=\"wpforms[id]\" value=\"477\"><input type=\"hidden\" name=\"page_title\" value=\"\"><input type=\"hidden\" name=\"page_url\" value=\"https:\/\/www.gite-coeurdeferme.be\/nl\/wp-json\/wp\/v2\/pages\/1051\"><input type=\"hidden\" name=\"url_referer\" value=\"\"><button type=\"submit\" name=\"wpforms[submit]\" id=\"wpforms-submit-477\" class=\"wpforms-submit\" data-alt-text=\"Envoi...\" data-submit-text=\"Envoyer\" aria-live=\"assertive\" value=\"wpforms-submit\">Verstuur<\/button><img loading=\"lazy\" decoding=\"async\" src=\"https:\/\/www.gite-coeurdeferme.be\/wp-content\/plugins\/wpforms-lite\/assets\/images\/submit-spin.svg\" class=\"wpforms-submit-spinner\" style=\"display: none;\" width=\"26\" height=\"26\" alt=\"Aan het laden\"><\/div><input type=\"hidden\" name=\"trp-form-language\" value=\"nl\"\/><\/form><\/div>  <!-- .wpforms-container --><\/div>\n<\/div>\n<\/div>\n<\/div><\/div>","protected":false},"excerpt":{"rendered":"<p>ESPACES DE VIE \u00c0 l\u2019int\u00e9rieur du g\u00eete R\u00e9tro, tout a \u00e9t\u00e9 pens\u00e9 pour votre confort. Un espace chaleureux et raffin\u00e9, o\u00f9 chaque d\u00e9tail contribue \u00e0 une atmosph\u00e8re conviviale. Entre la chambre douillette, le coin salon cosy et la cuisine bien \u00e9quip\u00e9e, vous vous sentirez comme chez vous, dans un cadre \u00e0 la fois moderne et&hellip;&nbsp;<a href=\"https:\/\/www.gite-coeurdeferme.be\/nl\/le-gite-retro\/\" rel=\"bookmark\">Read More &raquo;<span class=\"screen-reader-text\">G\u00eete R\u00e9tro<\/span><\/a><\/p>","protected":false},"author":1,"featured_media":0,"parent":0,"menu_order":0,"comment_status":"closed","ping_status":"closed","template":"","meta":{"neve_meta_sidebar":"","neve_meta_container":"","neve_meta_enable_content_width":"on","neve_meta_content_width":83,"neve_meta_title_alignment":"","neve_meta_author_avatar":"","neve_post_elements_order":"","neve_meta_disable_header":"off","neve_meta_disable_footer":"","neve_meta_disable_title":"on","neve_meta_reading_time":"","_themeisle_gutenberg_block_has_review":false,"footnotes":""},"class_list":["post-1051","page","type-page","status-publish","hentry"],"_links":{"self":[{"href":"https:\/\/www.gite-coeurdeferme.be\/nl\/wp-json\/wp\/v2\/pages\/1051","targetHints":{"allow":["GET"]}}],"collection":[{"href":"https:\/\/www.gite-coeurdeferme.be\/nl\/wp-json\/wp\/v2\/pages"}],"about":[{"href":"https:\/\/www.gite-coeurdeferme.be\/nl\/wp-json\/wp\/v2\/types\/page"}],"author":[{"embeddable":true,"href":"https:\/\/www.gite-coeurdeferme.be\/nl\/wp-json\/wp\/v2\/users\/1"}],"replies":[{"embeddable":true,"href":"https:\/\/www.gite-coeurdeferme.be\/nl\/wp-json\/wp\/v2\/comments?post=1051"}],"version-history":[{"count":8,"href":"https:\/\/www.gite-coeurdeferme.be\/nl\/wp-json\/wp\/v2\/pages\/1051\/revisions"}],"predecessor-version":[{"id":1220,"href":"https:\/\/www.gite-coeurdeferme.be\/nl\/wp-json\/wp\/v2\/pages\/1051\/revisions\/1220"}],"wp:attachment":[{"href":"https:\/\/www.gite-coeurdeferme.be\/nl\/wp-json\/wp\/v2\/media?parent=1051"}],"curies":[{"name":"wp","href":"https:\/\/api.w.org\/{rel}","templated":true}]}}