{"id":1038,"date":"2025-01-04T10:40:50","date_gmt":"2025-01-04T10:40:50","guid":{"rendered":"https:\/\/cdf.mydigitalmarketer.be\/?page_id=1038"},"modified":"2025-01-17T08:15:00","modified_gmt":"2025-01-17T08:15:00","slug":"le-gite-la-cle-des-champs","status":"publish","type":"page","link":"https:\/\/www.gite-coeurdeferme.be\/nl\/le-gite-la-cle-des-champs\/","title":{"rendered":"De g\u00eete Cl\u00e9 des champs"},"content":{"rendered":"<div class=\"wp-block-cover alignfull\" style=\"min-height:800px;aspect-ratio:unset;\"><span aria-hidden=\"true\" class=\"wp-block-cover__background has-nv-dark-bg-background-color has-background-dim\"><\/span><img loading=\"lazy\" decoding=\"async\" width=\"1703\" height=\"1277\" class=\"wp-block-cover__image-background wp-image-899\" alt=\"\" src=\"https:\/\/cdf.mydigitalmarketer.be\/wp-content\/uploads\/2024\/12\/cle-des-champs-location-gite-houyet-namur1-edited.jpg\" data-object-fit=\"cover\" srcset=\"https:\/\/www.gite-coeurdeferme.be\/wp-content\/uploads\/2024\/12\/cle-des-champs-location-gite-houyet-namur1-edited.jpg 1703w, https:\/\/www.gite-coeurdeferme.be\/wp-content\/uploads\/2024\/12\/cle-des-champs-location-gite-houyet-namur1-edited-300x225.jpg 300w, https:\/\/www.gite-coeurdeferme.be\/wp-content\/uploads\/2024\/12\/cle-des-champs-location-gite-houyet-namur1-edited-1024x768.jpg 1024w, https:\/\/www.gite-coeurdeferme.be\/wp-content\/uploads\/2024\/12\/cle-des-champs-location-gite-houyet-namur1-edited-768x576.jpg 768w, https:\/\/www.gite-coeurdeferme.be\/wp-content\/uploads\/2024\/12\/cle-des-champs-location-gite-houyet-namur1-edited-1536x1152.jpg 1536w\" sizes=\"auto, (max-width: 1703px) 100vw, 1703px\" \/><div class=\"wp-block-cover__inner-container is-layout-flow wp-block-cover-is-layout-flow\">\n<h2 class=\"wp-block-heading alignwide has-text-align-right has-nv-site-bg-color has-text-color\" style=\"font-size:64px\">De g\u00eete Cl\u00e9 des champs<\/h2>\n\n\n\n<div class=\"wp-block-columns alignwide is-layout-flex wp-container-core-columns-is-layout-9d6595d7 wp-block-columns-is-layout-flex\">\n<div class=\"wp-block-column is-vertically-aligned-center is-layout-flow wp-block-column-is-layout-flow\"><\/div>\n\n\n\n<div class=\"wp-block-column is-layout-flow wp-block-column-is-layout-flow\" style=\"flex-basis:55%\">\n<div style=\"height:26px\" aria-hidden=\"true\" class=\"wp-block-spacer\"><\/div>\n\n\n\n<p class=\"has-nv-site-bg-color has-text-color has-medium-font-size translation-block\" style=\"line-height:1.3\">De g\u00eete La cl\u00e9 des champs, ideaal voor 2 tot 4 personen, biedt een oase van rust en comfort midden in de natuur. Met zijn warme interieur, twee smaakvol ingerichte slaapkamers en kleine zonnige binnenplaats, biedt het alle charme van een authentiek verblijf, perfect om te ontspannen en te delen.<\/p>\n<\/div>\n<\/div>\n\n\n\n<div class=\"wp-block-columns alignwide is-layout-flex wp-container-core-columns-is-layout-9d6595d7 wp-block-columns-is-layout-flex\">\n<div class=\"wp-block-column is-vertically-aligned-center is-layout-flow wp-block-column-is-layout-flow\"><\/div>\n<\/div>\n<\/div><\/div>\n\n\n\n<div id=\"wp-block-themeisle-blocks-advanced-columns-c00aadba\" class=\"wp-block-themeisle-blocks-advanced-columns alignfull has-3-columns has-desktop-equal-layout has-tablet-equal-layout has-mobile-collapsedRows-layout has-vertical-center ticss-c00aadba animated fadeIn\"><div class=\"wp-block-themeisle-blocks-advanced-columns-overlay\"><\/div><div class=\"innerblocks-wrap\">\n<div id=\"wp-block-themeisle-blocks-advanced-column-41c8770c\" class=\"wp-block-themeisle-blocks-advanced-column\">\n<div id=\"wp-block-themeisle-blocks-font-awesome-icons-01c38fbd\" class=\"wp-block-themeisle-blocks-font-awesome-icons\"><span class=\"wp-block-themeisle-blocks-font-awesome-icons-container\"><i class=\"fas fa-male\"><\/i><\/span><\/div>\n\n\n\n<p id=\"wp-block-themeisle-blocks-advanced-heading-d3f7e3db\" class=\"wp-block-themeisle-blocks-advanced-heading wp-block-themeisle-blocks-advanced-heading-d3f7e3db\"><strong>2-4<\/strong><\/p>\n<\/div>\n\n\n\n<div id=\"wp-block-themeisle-blocks-advanced-column-626e69f2\" class=\"wp-block-themeisle-blocks-advanced-column\">\n<div id=\"wp-block-themeisle-blocks-font-awesome-icons-1bc926ee\" class=\"wp-block-themeisle-blocks-font-awesome-icons\"><span class=\"wp-block-themeisle-blocks-font-awesome-icons-container\"><i class=\"fas fa-bed\"><\/i><\/span><\/div>\n\n\n\n<p id=\"wp-block-themeisle-blocks-advanced-heading-82739af7\" class=\"wp-block-themeisle-blocks-advanced-heading wp-block-themeisle-blocks-advanced-heading-82739af7\"><strong>2<\/strong><\/p>\n<\/div>\n\n\n\n<div id=\"wp-block-themeisle-blocks-advanced-column-ac9fd5dc\" class=\"wp-block-themeisle-blocks-advanced-column\">\n<div id=\"wp-block-themeisle-blocks-font-awesome-icons-7dbb85bb\" class=\"wp-block-themeisle-blocks-font-awesome-icons\"><span class=\"wp-block-themeisle-blocks-font-awesome-icons-container\"><i class=\"fas fa-bath\"><\/i><\/span><\/div>\n\n\n\n<p id=\"wp-block-themeisle-blocks-advanced-heading-45348129\" class=\"wp-block-themeisle-blocks-advanced-heading wp-block-themeisle-blocks-advanced-heading-45348129\"><strong>2<\/strong><\/p>\n<\/div>\n<\/div><\/div>\n\n\n\n<div class=\"wp-block-columns alignfull are-vertically-aligned-center animated fadeInUp has-neve-text-color-color has-nv-c-2-background-color has-text-color has-background has-link-color wp-elements-7c3b2025f86227e927c3dbf20ed64bce is-layout-flex wp-container-core-columns-is-layout-b815d019 wp-block-columns-is-layout-flex\" style=\"padding-right:var(--wp--preset--spacing--80);padding-left:var(--wp--preset--spacing--80)\">\n<div class=\"wp-block-column is-vertically-aligned-center is-layout-flow wp-block-column-is-layout-flow\" style=\"padding-top:var(--wp--preset--spacing--40);padding-bottom:var(--wp--preset--spacing--40);flex-basis:35%\">\n<h2 class=\"wp-block-heading has-large-font-size\">WOONRUIMTE<\/h2>\n\n\n\n<p class=\"has-neve-text-color-color has-text-color has-link-color wp-elements-3d0304532907209fa5ec3df3aecf829a translation-block\">De g\u00eete La Cl\u00e9 des champs verwelkomt je in een warme en lichte omgeving, ideaal voor 2 tot 4 personen. Geniet van het zorgvuldig ingerichte interieur, dat rustieke charme combineert met modern comfort. Aan elk detail is gedacht om een gezellige, rustgevende sfeer te cre\u00ebren.<\/p>\n<\/div>\n\n\n\n<div class=\"wp-block-column is-vertically-aligned-center is-layout-flow wp-block-column-is-layout-flow\" style=\"flex-basis:65%\">\n<div id=\"wp-block-themeisle-blocks-slider-e194ca74\" class=\"wp-block-themeisle-blocks-slider glide\" data-per-view=\"1\" data-gap=\"0\" data-peek=\"0\" data-autoplay=\"true\" data-height=\"400px\" data-hide-arrows=\"false\"><div class=\"glide__track\" data-glide-el=\"track\"><div class=\"glide__slides\"><div class=\"wp-block-themeisle-blocks-slider-item-wrapper glide__slide\" tabindex=\"0\"><figure><img decoding=\"async\" class=\"wp-block-themeisle-blocks-slider-item\" src=\"https:\/\/cdf.mydigitalmarketer.be\/wp-content\/uploads\/2024\/12\/cle-des-champs-location-gite-houyet-namur3.jpg\" alt=\"\" title=\"\" data-id=\"872\"\/><\/figure><\/div><div class=\"wp-block-themeisle-blocks-slider-item-wrapper glide__slide\" tabindex=\"0\"><figure><img decoding=\"async\" class=\"wp-block-themeisle-blocks-slider-item\" src=\"https:\/\/cdf.mydigitalmarketer.be\/wp-content\/uploads\/2024\/12\/cle-des-champs-location-gite-houyet-namur2.jpg\" alt=\"\" title=\"\" data-id=\"871\"\/><\/figure><\/div><div class=\"wp-block-themeisle-blocks-slider-item-wrapper glide__slide\" tabindex=\"0\"><figure><img decoding=\"async\" class=\"wp-block-themeisle-blocks-slider-item\" src=\"https:\/\/cdf.mydigitalmarketer.be\/wp-content\/uploads\/2024\/12\/cle-des-champs-location-gite-houyet-namur4.jpg\" alt=\"\" title=\"\" data-id=\"873\"\/><\/figure><\/div><div class=\"wp-block-themeisle-blocks-slider-item-wrapper glide__slide\" tabindex=\"0\"><figure><img decoding=\"async\" class=\"wp-block-themeisle-blocks-slider-item\" src=\"https:\/\/cdf.mydigitalmarketer.be\/wp-content\/uploads\/2024\/12\/cle-des-champs-location-gite-houyet-namur12.jpg\" alt=\"\" title=\"\" data-id=\"881\"\/><\/figure><\/div><div class=\"wp-block-themeisle-blocks-slider-item-wrapper glide__slide\" tabindex=\"0\"><figure><img decoding=\"async\" class=\"wp-block-themeisle-blocks-slider-item\" src=\"https:\/\/cdf.mydigitalmarketer.be\/wp-content\/uploads\/2024\/12\/cle-des-champs-location-gite-houyet-namur9.jpg\" alt=\"\" title=\"\" data-id=\"878\"\/><\/figure><\/div><div class=\"wp-block-themeisle-blocks-slider-item-wrapper glide__slide\" tabindex=\"0\"><figure><img decoding=\"async\" class=\"wp-block-themeisle-blocks-slider-item\" src=\"https:\/\/cdf.mydigitalmarketer.be\/wp-content\/uploads\/2024\/12\/cle-des-champs-location-gite-houyet-namur8.jpg\" alt=\"\" title=\"\" data-id=\"877\"\/><\/figure><\/div><\/div><\/div><\/div>\n<\/div>\n<\/div>\n\n\n\n<div style=\"height:44px\" aria-hidden=\"true\" class=\"wp-block-spacer\"><\/div>\n\n\n\n<div class=\"wp-block-columns alignfull animated fadeInUp has-nv-light-bg-background-color has-background is-layout-flex wp-container-core-columns-is-layout-b815d019 wp-block-columns-is-layout-flex\" style=\"padding-right:var(--wp--preset--spacing--80);padding-left:var(--wp--preset--spacing--80)\">\n<div class=\"wp-block-column is-vertically-aligned-center is-layout-flow wp-block-column-is-layout-flow\" style=\"flex-basis:65%\">\n<div id=\"wp-block-themeisle-blocks-slider-555ed1ae\" class=\"wp-block-themeisle-blocks-slider glide\" data-per-view=\"1\" data-gap=\"0\" data-peek=\"0\" data-autoplay=\"true\" data-height=\"400px\" data-hide-arrows=\"false\"><div class=\"glide__track\" data-glide-el=\"track\"><div class=\"glide__slides\"><div class=\"wp-block-themeisle-blocks-slider-item-wrapper glide__slide\" tabindex=\"0\"><figure><img decoding=\"async\" class=\"wp-block-themeisle-blocks-slider-item\" src=\"https:\/\/cdf.mydigitalmarketer.be\/wp-content\/uploads\/2024\/12\/cle-des-champs-location-gite-houyet-namur5.jpg\" alt=\"\" title=\"\" data-id=\"874\"\/><\/figure><\/div><div class=\"wp-block-themeisle-blocks-slider-item-wrapper glide__slide\" tabindex=\"0\"><figure><img decoding=\"async\" class=\"wp-block-themeisle-blocks-slider-item\" src=\"https:\/\/cdf.mydigitalmarketer.be\/wp-content\/uploads\/2024\/12\/cle-des-champs-location-gite-houyet-namur1.jpg\" alt=\"\" title=\"\" data-id=\"870\"\/><\/figure><\/div><\/div><\/div><\/div>\n<\/div>\n\n\n\n<div class=\"wp-block-column is-vertically-aligned-center is-layout-flow wp-block-column-is-layout-flow\" style=\"padding-top:var(--wp--preset--spacing--40);padding-bottom:var(--wp--preset--spacing--40);flex-basis:35%\">\n<h2 class=\"wp-block-heading has-large-font-size\">RELAXRUIMTES<\/h2>\n\n\n\n<p class=\"has-neve-text-color-color has-text-color has-link-color wp-elements-38c794f4c13f6ed3f3b8bd9e8a184516\"><br>De kleine binnenplaats van de g\u00eete nodigt uit tot ontspanning, met zijn gezellige tafel waar je buiten kunt eten. Blootgesteld aan de zon is het de perfecte plek voor een moment van rust, omgeven door groen en sereniteit.<\/p>\n<\/div>\n<\/div>\n\n\n\n<div style=\"height:44px\" aria-hidden=\"true\" class=\"wp-block-spacer\"><\/div>\n\n\n\n<div class=\"wp-block-columns alignfull animated fadeInUp has-nv-c-2-background-color has-background is-layout-flex wp-container-core-columns-is-layout-b815d019 wp-block-columns-is-layout-flex\" style=\"padding-right:var(--wp--preset--spacing--80);padding-left:var(--wp--preset--spacing--80)\">\n<div class=\"wp-block-column is-vertically-aligned-center is-layout-flow wp-block-column-is-layout-flow\" style=\"padding-top:var(--wp--preset--spacing--40);padding-bottom:var(--wp--preset--spacing--40);flex-basis:35%\">\n<h2 class=\"wp-block-heading has-large-font-size\">DE KAMERS<\/h2>\n\n\n\n<p class=\"has-neve-text-color-color has-text-color has-link-color wp-elements-4a8f4eb7c500eadcfd1963728b969c1b\"><br>De twee slaapkamers van de g\u00eete zullen je verleiden met hun unieke karakter. Elk met zorg ingericht, bieden ze verschillende sferen: de ene met een zachte, landelijke stijl, de andere met een moderne, opgeruimde sfeer. De perfecte cocon voor een vredige nachtrust.<\/p>\n\n\n\n<p class=\"translation-block\">Slaapkamer 1: 1\u00d72 pers. (doucheruimte + wc)\nSlaapkamer 2 : 1\u00d72 pers. + 1\u00d71 pers. (doucheruimte + wc)<\/p>\n<\/div>\n\n\n\n<div class=\"wp-block-column is-layout-flow wp-block-column-is-layout-flow\" style=\"flex-basis:65%\">\n<div id=\"wp-block-themeisle-blocks-slider-fba2e614\" class=\"wp-block-themeisle-blocks-slider glide\" data-per-view=\"1\" data-gap=\"0\" data-peek=\"0\" data-autoplay=\"true\" data-height=\"400px\" data-hide-arrows=\"false\"><div class=\"glide__track\" data-glide-el=\"track\"><div class=\"glide__slides\"><div class=\"wp-block-themeisle-blocks-slider-item-wrapper glide__slide\" tabindex=\"0\"><figure><img decoding=\"async\" class=\"wp-block-themeisle-blocks-slider-item\" src=\"https:\/\/cdf.mydigitalmarketer.be\/wp-content\/uploads\/2024\/12\/cle-des-champs-location-gite-houyet-namur11.jpg\" alt=\"\" title=\"\" data-id=\"880\"\/><\/figure><\/div><div class=\"wp-block-themeisle-blocks-slider-item-wrapper glide__slide\" tabindex=\"0\"><figure><img decoding=\"async\" class=\"wp-block-themeisle-blocks-slider-item\" src=\"https:\/\/cdf.mydigitalmarketer.be\/wp-content\/uploads\/2024\/12\/cle-des-champs-location-gite-houyet-namur10.jpg\" alt=\"\" title=\"\" data-id=\"879\"\/><\/figure><\/div><div class=\"wp-block-themeisle-blocks-slider-item-wrapper glide__slide\" tabindex=\"0\"><figure><img decoding=\"async\" class=\"wp-block-themeisle-blocks-slider-item\" src=\"https:\/\/cdf.mydigitalmarketer.be\/wp-content\/uploads\/2024\/12\/cle-des-champs-location-gite-houyet-namur6.jpg\" alt=\"\" title=\"\" data-id=\"875\"\/><\/figure><\/div><div class=\"wp-block-themeisle-blocks-slider-item-wrapper glide__slide\" tabindex=\"0\"><figure><img decoding=\"async\" class=\"wp-block-themeisle-blocks-slider-item\" src=\"https:\/\/cdf.mydigitalmarketer.be\/wp-content\/uploads\/2024\/12\/cle-des-champs-location-gite-houyet-namur7.jpg\" alt=\"\" title=\"\" data-id=\"876\"\/><\/figure><\/div><\/div><\/div><\/div>\n<\/div>\n<\/div>\n\n\n\n<div style=\"height:44px\" aria-hidden=\"true\" class=\"wp-block-spacer\"><\/div>\n\n\n\n<h2 class=\"wp-block-heading has-text-align-center\">RESERVERING<\/h2>\n\n\n\n\n\n<div id=\"ConstellationCalendarContainer1736f766-f69f-4cf2-8878-2c81d20327ac\" style=\"width:100%; text-align:center;\" title=\"Coeur de Ferme\" data-id-projet='1736f766f69f4cf288782c81d20327ac'>Chargement en cours&#8230;<\/div> <script type=\"text\/javascript\" src=\"https:\/\/reservation.elloha.com\/Scripts\/widget-loader.min.js?v=42\"><\/script> <script type=\"text\/javascript\">var constellationWidgetUrl1736f766f69f4cf288782c81d20327ac, constellationTypeModule1736f766f69f4cf288782c81d20327ac; constellationWidgetUrl1736f766f69f4cf288782c81d20327ac = 'https:\/\/reservation.elloha.com\/Widget\/BookingCalendar\/1736f766-f69f-4cf2-8878-2c81d20327ac?idoi=8b7a738e-438d-475e-80de-ba638755c48a&culture=NL'; constellationTypeModule1736f766f69f4cf288782c81d20327ac=2; constellationBookingCalendarLoad('ConstellationCalendarContainer1736f766-f69f-4cf2-8878-2c81d20327ac'); constellationWidgetAddEvent(window, \"resize\", function () { constellationWidgetSetAppearance('ConstellationCalendarContainer1736f766-f69f-4cf2-8878-2c81d20327ac'); });<\/script>\n\n\n\n<div style=\"height:44px\" aria-hidden=\"true\" class=\"wp-block-spacer\"><\/div>\n\n\n\n\n\n<div id=\"ConstellationWidgetContainerba140892-c10b-4954-88b8-6d7ff272ee26\" style=\"width:100%\" title=\"Coeur de Ferme\" data-id-projet='ba140892c10b495488b86d7ff272ee26'>Chargement en cours&#8230;<\/div> <script type=\"text\/javascript\" src=\"https:\/\/reservation.elloha.com\/Scripts\/widget-loader.min.js?v=42\"><\/script> <script type=\"text\/javascript\">var constellationWidgetUrlba140892c10b495488b86d7ff272ee26, constellationTypeModuleba140892c10b495488b86d7ff272ee26; constellationWidgetUrlba140892c10b495488b86d7ff272ee26 = 'https:\/\/reservation.elloha.com\/Widget\/BookingEngine\/ba140892-c10b-4954-88b8-6d7ff272ee26?idoi=8b7a738e-438d-475e-80de-ba638755c48a&culture=NL'; constellationTypeModuleba140892c10b495488b86d7ff272ee26=1; constellationWidgetLoad('ConstellationWidgetContainerba140892-c10b-4954-88b8-6d7ff272ee26'); constellationWidgetAddEvent(window, \"resize\", function () { constellationWidgetSetAppearance('ConstellationWidgetContainerba140892-c10b-4954-88b8-6d7ff272ee26'); });<\/script>\n\n\n\n<div style=\"height:44px\" aria-hidden=\"true\" class=\"wp-block-spacer\"><\/div>\n\n\n\n<div id=\"wp-block-themeisle-blocks-advanced-columns-dd9ebb24\" class=\"wp-block-themeisle-blocks-advanced-columns alignfull has-1-columns has-desktop-equal-layout has-tablet-equal-layout has-mobile-equal-layout has-vertical-unset\"><div class=\"wp-block-themeisle-blocks-advanced-columns-overlay\"><\/div><div class=\"innerblocks-wrap\">\n<div id=\"wp-block-themeisle-blocks-advanced-column-2e5efa90\" class=\"wp-block-themeisle-blocks-advanced-column\">\n<h3 class=\"wp-block-heading has-text-align-center has-neve-link-color-color has-text-color has-link-color wp-elements-e77334fc914c1dbe6e273e53dc20e6ed\">EEN VRAAG?<\/h3>\n\n\n\n<div class=\"wp-block-columns alignwide is-layout-flex wp-container-core-columns-is-layout-9d6595d7 wp-block-columns-is-layout-flex\">\n<div class=\"wp-block-column is-layout-flow wp-block-column-is-layout-flow\">\n<iframe src=\"https:\/\/www.google.com\/maps\/embed?pb=!1m18!1m12!1m3!1d2552.410674172802!2d5.0066912!3d50.228232299999995!2m3!1f0!2f0!3f0!3m2!1i1024!2i768!4f13.1!3m3!1m2!1s0x47c1c75396c112d9%3A0x94ee7ec47191cbf6!2sGite%20Coeur%20de%20ferme!5e0!3m2!1sfr!2sbe!4v1735398132087!5m2!1sfr!2sbe\" width=\"600\" height=\"450\" style=\"border:0;\" allowfullscreen=\"\" loading=\"lazy\" referrerpolicy=\"no-referrer-when-downgrade\"><\/iframe>\n<\/div>\n\n\n\n<div class=\"wp-block-column is-layout-flow wp-block-column-is-layout-flow\">\n<h2 class=\"wp-block-heading alignwide has-text-align-center has-neve-link-color-color has-text-color\" style=\"font-size:64px\">Contacteer ons<\/h2>\n\n\n<style id=\"wpforms-css-vars-477-block-768c752c-edc3-49c5-8171-b6c403b2a08d\">\n\t\t\t\t#wpforms-477.wpforms-block-768c752c-edc3-49c5-8171-b6c403b2a08d {\n\t\t\t\t--wpforms-label-color: #262626;\n--wpforms-label-sublabel-color: #7f7f7f;\n--wpforms-label-error-color: #ff0000;\n--wpforms-page-break-color: #dddddd;\n--wpforms-field-border-radius: 0px;\n--wpforms-field-border-color: #cccccc;\n--wpforms-field-border-color-spare: #cccccc;\n--wpforms-field-text-color: var(--nv-text-color);\n--wpforms-field-menu-color: var(--nv-primary-accent);\n--wpforms-button-border-style: solid;\n--wpforms-button-border-size: 10px;\n--wpforms-button-border-radius: 0px;\n--wpforms-button-background-color: var(--nv-primary-accent);\n--wpforms-button-text-color: var(--nv-site-bg);\n--wpforms-button-border-color: #cccccc00;\n--wpforms-field-size-input-height: 43px;\n--wpforms-field-size-input-spacing: 15px;\n--wpforms-field-size-font-size: 16px;\n--wpforms-field-size-line-height: 19px;\n--wpforms-field-size-padding-h: 14px;\n--wpforms-field-size-checkbox-size: 16px;\n--wpforms-field-size-sublabel-spacing: 5px;\n--wpforms-field-size-icon-size: 1;\n--wpforms-label-size-font-size: 14px;\n--wpforms-label-size-line-height: 17px;\n--wpforms-label-size-sublabel-font-size: 13px;\n--wpforms-label-size-sublabel-line-height: 16px;\n--wpforms-button-size-font-size: 20px;\n--wpforms-button-size-height: 48px;\n--wpforms-button-size-padding-h: 20px;\n--wpforms-button-size-margin-top: 15px;\n\t\t\t}\n\t\t\t<\/style><div class=\"wpforms-container wpforms-container-full wpforms-block wpforms-block-768c752c-edc3-49c5-8171-b6c403b2a08d wpforms-render-modern\" id=\"wpforms-477\"><form id=\"wpforms-form-477\" class=\"wpforms-validate wpforms-form wpforms-ajax-form\" data-formid=\"477\" method=\"post\" enctype=\"multipart\/form-data\" action=\"\/nl\/wp-json\/wp\/v2\/pages\/1038\" data-token=\"09750bec5ba20ebccbb815add6469d94\" data-token-time=\"1778012715\" data-trp-original-action=\"\/nl\/wp-json\/wp\/v2\/pages\/1038\"><noscript class=\"wpforms-error-noscript\">Schakel JavaScript in je browser in om dit formulier in te vullen.<\/noscript><div id=\"wpforms-error-noscript\" style=\"display: none;\">Schakel JavaScript in je browser in om dit formulier in te vullen.<\/div><div class=\"wpforms-field-container\"><div id=\"wpforms-477-field_0-container\" class=\"wpforms-field wpforms-field-name\" data-field-id=\"0\"><fieldset><legend class=\"wpforms-field-label wpforms-label-hide\" aria-hidden=\"false\">Naam <span class=\"wpforms-required-label\" aria-hidden=\"true\">*<\/span><\/legend><div class=\"wpforms-field-row wpforms-field-large\"><div class=\"wpforms-field-row-block wpforms-first wpforms-one-half\"><input type=\"text\" id=\"wpforms-477-field_0\" class=\"wpforms-field-name-first wpforms-field-required\" name=\"wpforms[fields][0][first]\" placeholder=\"Voornaam\" aria-errormessage=\"wpforms-477-field_0-error\" required><label for=\"wpforms-477-field_0\" class=\"wpforms-field-sublabel after wpforms-sublabel-hide\">Voornaam<\/label><\/div><div class=\"wpforms-field-row-block wpforms-one-half\"><input type=\"text\" id=\"wpforms-477-field_0-last\" class=\"wpforms-field-name-last wpforms-field-required\" name=\"wpforms[fields][0][last]\" placeholder=\"Naam\" aria-errormessage=\"wpforms-477-field_0-last-error\" required><label for=\"wpforms-477-field_0-last\" class=\"wpforms-field-sublabel after wpforms-sublabel-hide\">Achternaam<\/label><\/div><\/div><\/fieldset><\/div><div id=\"wpforms-477-field_1-container\" class=\"wpforms-field wpforms-field-email\" data-field-id=\"1\"><label class=\"wpforms-field-label wpforms-label-hide\" for=\"wpforms-477-field_1\" aria-hidden=\"false\">E-mail <span class=\"wpforms-required-label\" aria-hidden=\"true\">*<\/span><\/label><input type=\"email\" id=\"wpforms-477-field_1\" class=\"wpforms-field-large wpforms-field-required\" name=\"wpforms[fields][1]\" placeholder=\"E-mail\" spellcheck=\"false\" aria-errormessage=\"wpforms-477-field_1-error\" required><\/div><div id=\"wpforms-477-field_2-container\" class=\"wpforms-field wpforms-field-textarea\" data-field-id=\"2\"><label class=\"wpforms-field-label wpforms-label-hide\" for=\"wpforms-477-field_2\" aria-hidden=\"false\">Aanvraag<\/label><textarea id=\"wpforms-477-field_2\" class=\"wpforms-field-medium\" name=\"wpforms[fields][2]\" placeholder=\"Aanvraag\" aria-errormessage=\"wpforms-477-field_2-error\" ><\/textarea><\/div><\/div><!-- .wpforms-field-container --><div class=\"wpforms-submit-container\" ><input type=\"hidden\" name=\"wpforms[id]\" value=\"477\"><input type=\"hidden\" name=\"page_title\" value=\"\"><input type=\"hidden\" name=\"page_url\" value=\"https:\/\/www.gite-coeurdeferme.be\/nl\/wp-json\/wp\/v2\/pages\/1038\"><input type=\"hidden\" name=\"url_referer\" value=\"\"><button type=\"submit\" name=\"wpforms[submit]\" id=\"wpforms-submit-477\" class=\"wpforms-submit\" data-alt-text=\"Envoi...\" data-submit-text=\"Envoyer\" aria-live=\"assertive\" value=\"wpforms-submit\">Verstuur<\/button><img loading=\"lazy\" decoding=\"async\" src=\"https:\/\/www.gite-coeurdeferme.be\/wp-content\/plugins\/wpforms-lite\/assets\/images\/submit-spin.svg\" class=\"wpforms-submit-spinner\" style=\"display: none;\" width=\"26\" height=\"26\" alt=\"Aan het laden\"><\/div><input type=\"hidden\" name=\"trp-form-language\" value=\"nl\"\/><\/form><\/div>  <!-- .wpforms-container --><\/div>\n<\/div>\n<\/div>\n<\/div><\/div>","protected":false},"excerpt":{"rendered":"<p>ESPACES DE VIE Le g\u00eete La Cl\u00e9 des champs vous accueille dans un cadre chaleureux et lumineux, id\u00e9al pour 2 \u00e0 4 personnes. Profitez d\u2019int\u00e9rieurs soigneusement d\u00e9cor\u00e9s, alliant charme rustique et confort moderne. Chaque d\u00e9tail a \u00e9t\u00e9 pens\u00e9 pour vous offrir une ambiance cosy et apaisante. ESPACES D\u00c9TENTE La petite cour int\u00e9rieure du g\u00eete vous&hellip;&nbsp;<a href=\"https:\/\/www.gite-coeurdeferme.be\/nl\/le-gite-la-cle-des-champs\/\" rel=\"bookmark\">Read More &raquo;<span class=\"screen-reader-text\">De g\u00eete Cl\u00e9 des champs<\/span><\/a><\/p>","protected":false},"author":1,"featured_media":0,"parent":0,"menu_order":0,"comment_status":"closed","ping_status":"closed","template":"","meta":{"neve_meta_sidebar":"","neve_meta_container":"","neve_meta_enable_content_width":"on","neve_meta_content_width":83,"neve_meta_title_alignment":"","neve_meta_author_avatar":"","neve_post_elements_order":"","neve_meta_disable_header":"off","neve_meta_disable_footer":"","neve_meta_disable_title":"on","neve_meta_reading_time":"","_themeisle_gutenberg_block_has_review":false,"footnotes":""},"class_list":["post-1038","page","type-page","status-publish","hentry"],"_links":{"self":[{"href":"https:\/\/www.gite-coeurdeferme.be\/nl\/wp-json\/wp\/v2\/pages\/1038","targetHints":{"allow":["GET"]}}],"collection":[{"href":"https:\/\/www.gite-coeurdeferme.be\/nl\/wp-json\/wp\/v2\/pages"}],"about":[{"href":"https:\/\/www.gite-coeurdeferme.be\/nl\/wp-json\/wp\/v2\/types\/page"}],"author":[{"embeddable":true,"href":"https:\/\/www.gite-coeurdeferme.be\/nl\/wp-json\/wp\/v2\/users\/1"}],"replies":[{"embeddable":true,"href":"https:\/\/www.gite-coeurdeferme.be\/nl\/wp-json\/wp\/v2\/comments?post=1038"}],"version-history":[{"count":11,"href":"https:\/\/www.gite-coeurdeferme.be\/nl\/wp-json\/wp\/v2\/pages\/1038\/revisions"}],"predecessor-version":[{"id":1219,"href":"https:\/\/www.gite-coeurdeferme.be\/nl\/wp-json\/wp\/v2\/pages\/1038\/revisions\/1219"}],"wp:attachment":[{"href":"https:\/\/www.gite-coeurdeferme.be\/nl\/wp-json\/wp\/v2\/media?parent=1038"}],"curies":[{"name":"wp","href":"https:\/\/api.w.org\/{rel}","templated":true}]}}